{"id":10,"date":"2022-01-09T17:40:26","date_gmt":"2022-01-09T17:40:26","guid":{"rendered":"https:\/\/future-supply.com\/?page_id=10"},"modified":"2025-07-23T07:45:45","modified_gmt":"2025-07-23T07:45:45","slug":"impressum","status":"publish","type":"page","link":"https:\/\/future-supply.com\/en\/impressum\/","title":{"rendered":"Imprint"},"content":{"rendered":"<h2 class=\"wp-block-heading\" id=\"block-fd24b546-a290-4d25-ac90-a98dfa47681e\">CONTACT DATA<\/h2>\n\n\n\n<p>Future Supply GmbH &amp; Co. KG<br>Dog loop road 24<br>72766 Reutlingen<\/p>\n\n\n\n<p>Tel.&nbsp;&nbsp;<a>+49 152 24938141<\/a><br>Email:&nbsp;<a>hello@future-supply.com<\/a><\/p>\n\n\n\n<p>Register court: Local court Stuttgart<br>Registration number: HRA 737596<\/p>\n\n\n\n<p>Personally liable partners of Future Supply GmbH &amp; Co. KG:<br>Future Supply Verwaltungs GmbH<br>Managing Director of Future Supply Verwaltungs GmbH:<br>Philipp Marc Heiberger, Steffen Michael Haberkorn<\/p>\n\n\n\n<p>Register court: Local court Stuttgart<br>Registration number: HRB 777158<br>Sales tax identification number according to \u00a7 27a Sales Tax Act:<br>DE339940082<\/p>\n\n\n\n<p>Responsible for content:<br>Philipp Heiberger, Daimlerstrasse 14, 72555 Metzingen, Germany<\/p>\n\n\n\n<p>The EU Commission has set up an internet platform for the online settlement of disputes (\"ODR platform\") between entrepreneurs and consumers. The ODR platform can be reached at&nbsp;<a href=\"https:\/\/ec.europa.eu\/consumers\/odr\/\">https:\/\/ec.europa.eu\/consumers\/odr\/<\/a><\/p>\n\n\n\n<h2 class=\"wp-block-heading\" id=\"block-944a4443-ba54-43fa-9a84-deed83ee85d0\">CONTENT OF THE ONLINE OFFER<\/h2>\n\n\n\n<p id=\"block-a330eddd-896f-455a-81a3-6667ade38bca\">We assume no liability for the topicality, correctness, completeness or quality of the information provided. Liability claims against Future Supply GmbH &amp; Co. KG, which refer to damages of a material or non-material nature caused by the use or non-use of the information provided or by the use of incorrect and incomplete information, are fundamentally excluded, insofar as there is no demonstrably intentional or grossly negligent fault on the part of Future Supply GmbH &amp; Co. KG is not demonstrably at fault due to intent or gross negligence. All offers are subject to change and non-binding. Future Supply GmbH &amp; Co. KG expressly reserves the right to change, supplement, delete or temporarily or permanently cease publication of parts of the pages or the entire offer without prior notice.<\/p>\n\n\n\n<h2 class=\"wp-block-heading\" id=\"block-a1dbdac0-2d7c-440e-8dc6-6bcb015e11a2\">REFERENCES AND LINKS<\/h2>\n\n\n\n<p id=\"block-d5895cd4-b17f-4640-87e6-a23beabc4cd7\">In the case of direct or indirect references to external Internet pages (\"links\"), which are outside the area of responsibility of Future Supply GmbH &amp; Co. KG, liability would only arise in the event that Future Supply GmbH &amp; Co. KG has knowledge of the contents and it would be technically possible and reasonable for it to prevent the use in the case of illegal contents. Future Supply GmbH &amp; Co. KG therefore expressly declares that at the time the links were created, the corresponding linked pages were free of illegal content. Future Supply GmbH &amp; Co. KG has no influence whatsoever on the current and future design and content of the linked pages. Therefore, it hereby expressly distances itself from all contents of all linked pages that were changed after the link was created. This statement applies to all links and references set within its own Internet offering as well as to third-party entries in guest books, discussion forums and mailing lists set up by Future Supply GmbH &amp; Co. KG's guest books, discussion forums and mailing lists. Liability for illegal, incorrect or incomplete content and in particular for damages arising from the use or non-use of such information lies solely with the provider of the page to which reference is made, and not with the person who merely refers to the respective publication via links.<\/p>\n\n\n\n<h2 class=\"wp-block-heading\" id=\"block-8005d856-11f9-4de6-b322-d00df43821bc\">COPYRIGHT AND TRADEMARK LAW<\/h2>\n\n\n\n<p id=\"block-2f050cff-3e97-43cf-a08f-179221a88124\">Future Supply GmbH &amp; Co. KG endeavors to observe the copyrights of the graphics, sound documents, video sequences and texts used in all publications, to use graphics, sound documents, video sequences and texts created by itself or to use license-free graphics, sound documents, video sequences and texts. All brand names and trademarks mentioned on the website and possibly protected by third parties are subject without restriction to the provisions of the applicable trademark law and the ownership rights of the respective registered owners. The mere mention of a trademark does not imply that it is not protected by the rights of third parties! The copyright for published objects created by Future Supply GmbH &amp; Co. KG itself remains solely with Future Supply GmbH &amp; Co. KG. Any duplication or use of objects such as diagrams, sounds or texts in other electronic or printed publications is not permitted without Future Supply GmbH &amp; Co. KG is not permitted.<\/p>\n\n\n\n<p>Image and photo credits<br>Hendrik Pfeifer, www.hendrikpfeifer.de<\/p>\n\n\n\n<h2 class=\"wp-block-heading\" id=\"block-fe840d1e-4b0f-4a4b-be50-5deaab481511\">LEGAL EFFECT OF THIS DISCLAIMER<\/h2>\n\n\n\n<p id=\"block-3ccb1439-8a70-479e-81be-938d98984cd0\">This disclaimer is to be regarded as part of the internet publication which you were referred from.<\/p>\n\n\n\n<h2 class=\"wp-block-heading\" id=\"block-5acd3fd2-4504-4ee0-a77a-7f62601112ca\">SEVERABILITY CLAUSE<\/h2>\n\n\n\n<p id=\"block-9d7d5996-8e4b-4b1a-a066-8f535d6d546b\">If sections or individual terms of this statement are not legal or correct, the content or validity of the other parts remain uninfluenced by this fact.<\/p>\n\n\n\n<p>This website was created by <a href=\"https:\/\/sinan-celik.de\/\" target=\"_blank\" rel=\"noreferrer noopener\">Sinan Celik - Web design<\/a> and <a href=\"https:\/\/the-digital-team.de\/\" target=\"_blank\" rel=\"noreferrer noopener\">The Digital Team<\/a> created.<\/p>","protected":false},"excerpt":{"rendered":"<p>KONTAKTDATEN Future Supply GmbH &amp; Co. KGHundsschleestrasse 2472766 Reutlingen Tel.&nbsp;&nbsp;+49 152 24938141E-Mail:&nbsp;hello@future-supply.com Registergericht: Amtsgericht StuttgartRegisternummer: HRA 737596 Pers\u00f6nlich haftende Gesellschafter der Future Supply GmbH &amp; Co. KG:Future Supply Verwaltungs GmbHGesch\u00e4ftsf\u00fchrer der Future Supply Verwaltungs GmbH:Philipp Marc Heiberger, Steffen Michael Haberkorn Registergericht: Amtsgericht StuttgartRegisternummer: HRB 777158Umsatzsteuer-Identifikationsnummer gem\u00e4\u00df \u00a7 27a Umsatzsteuergesetz:DE339940082 Inhaltlich verantwortlich:Philipp Heiberger, Daimlerstra\u00dfe 14, 72555 [&hellip;]<\/p>\n","protected":false},"author":1,"featured_media":11863,"parent":0,"menu_order":0,"comment_status":"closed","ping_status":"closed","template":"","meta":{"footnotes":""},"class_list":["post-10","page","type-page","status-publish","has-post-thumbnail","hentry"],"yoast_head":"<!-- This site is optimized with the Yoast SEO plugin v27.0 - https:\/\/yoast.com\/product\/yoast-seo-wordpress\/ -->\n<title>Impressum | Future Supply<\/title>\n<meta name=\"description\" content=\"Alle Informationen zum Unternehmen auf einen Blick. Kontaktiert uns: \u2709\ufe0f hello@future-supply.com ? +49 152 249 38141\" \/>\n<meta name=\"robots\" content=\"index, follow, max-snippet:-1, max-image-preview:large, max-video-preview:-1\" \/>\n<link rel=\"canonical\" href=\"https:\/\/future-supply.com\/en\/impressum\/\" \/>\n<meta property=\"og:locale\" content=\"en_US\" \/>\n<meta property=\"og:type\" content=\"article\" \/>\n<meta property=\"og:title\" content=\"Impressum | Future Supply\" \/>\n<meta property=\"og:description\" content=\"Alle Informationen zum Unternehmen auf einen Blick. Kontaktiert uns: \u2709\ufe0f hello@future-supply.com ? +49 152 249 38141\" \/>\n<meta property=\"og:url\" content=\"https:\/\/future-supply.com\/en\/impressum\/\" \/>\n<meta property=\"og:site_name\" content=\"Future Supply\" \/>\n<meta property=\"article:modified_time\" content=\"2025-07-23T07:45:45+00:00\" \/>\n<meta property=\"og:image\" content=\"https:\/\/future-supply.com\/wp-content\/uploads\/2025\/07\/F_Instagram_Icon_001-scaled.jpg\" \/>\n\t<meta property=\"og:image:width\" content=\"2560\" \/>\n\t<meta property=\"og:image:height\" content=\"1440\" \/>\n\t<meta property=\"og:image:type\" content=\"image\/jpeg\" \/>\n<meta name=\"twitter:card\" content=\"summary_large_image\" \/>\n<meta name=\"twitter:label1\" content=\"Est. reading time\" \/>\n\t<meta name=\"twitter:data1\" content=\"4 minutes\" \/>\n<script type=\"application\/ld+json\" class=\"yoast-schema-graph\">{\"@context\":\"https:\/\/schema.org\",\"@graph\":[{\"@type\":\"WebPage\",\"@id\":\"https:\/\/future-supply.com\/impressum\/\",\"url\":\"https:\/\/future-supply.com\/impressum\/\",\"name\":\"Impressum | Future Supply\",\"isPartOf\":{\"@id\":\"https:\/\/future-supply.com\/#website\"},\"primaryImageOfPage\":{\"@id\":\"https:\/\/future-supply.com\/impressum\/#primaryimage\"},\"image\":{\"@id\":\"https:\/\/future-supply.com\/impressum\/#primaryimage\"},\"thumbnailUrl\":\"https:\/\/future-supply.com\/wp-content\/uploads\/2025\/07\/F_Instagram_Icon_001-scaled.jpg\",\"datePublished\":\"2022-01-09T17:40:26+00:00\",\"dateModified\":\"2025-07-23T07:45:45+00:00\",\"description\":\"Alle Informationen zum Unternehmen auf einen Blick. Kontaktiert uns: \u2709\ufe0f hello@future-supply.com ? +49 152 249 38141\",\"breadcrumb\":{\"@id\":\"https:\/\/future-supply.com\/impressum\/#breadcrumb\"},\"inLanguage\":\"en-US\",\"potentialAction\":[{\"@type\":\"ReadAction\",\"target\":[\"https:\/\/future-supply.com\/impressum\/\"]}]},{\"@type\":\"ImageObject\",\"inLanguage\":\"en-US\",\"@id\":\"https:\/\/future-supply.com\/impressum\/#primaryimage\",\"url\":\"https:\/\/future-supply.com\/wp-content\/uploads\/2025\/07\/F_Instagram_Icon_001-scaled.jpg\",\"contentUrl\":\"https:\/\/future-supply.com\/wp-content\/uploads\/2025\/07\/F_Instagram_Icon_001-scaled.jpg\",\"width\":2560,\"height\":1440},{\"@type\":\"BreadcrumbList\",\"@id\":\"https:\/\/future-supply.com\/impressum\/#breadcrumb\",\"itemListElement\":[{\"@type\":\"ListItem\",\"position\":1,\"name\":\"Home\",\"item\":\"https:\/\/future-supply.com\/\"},{\"@type\":\"ListItem\",\"position\":2,\"name\":\"Impressum\"}]},{\"@type\":\"WebSite\",\"@id\":\"https:\/\/future-supply.com\/#website\",\"url\":\"https:\/\/future-supply.com\/\",\"name\":\"Future Supply\",\"description\":\"Retail. Exhibition. POS-Displays. Projects.\",\"publisher\":{\"@id\":\"https:\/\/future-supply.com\/#organization\"},\"potentialAction\":[{\"@type\":\"SearchAction\",\"target\":{\"@type\":\"EntryPoint\",\"urlTemplate\":\"https:\/\/future-supply.com\/?s={search_term_string}\"},\"query-input\":{\"@type\":\"PropertyValueSpecification\",\"valueRequired\":true,\"valueName\":\"search_term_string\"}}],\"inLanguage\":\"en-US\"},{\"@type\":\"Organization\",\"@id\":\"https:\/\/future-supply.com\/#organization\",\"name\":\"Future Supply GmbH & Co. KG\",\"url\":\"https:\/\/future-supply.com\/\",\"logo\":{\"@type\":\"ImageObject\",\"inLanguage\":\"en-US\",\"@id\":\"https:\/\/future-supply.com\/#\/schema\/logo\/image\/\",\"url\":\"https:\/\/future-supply.com\/wp-content\/uploads\/2022\/01\/Future-Supply_Logo.png\",\"contentUrl\":\"https:\/\/future-supply.com\/wp-content\/uploads\/2022\/01\/Future-Supply_Logo.png\",\"width\":1215,\"height\":1862,\"caption\":\"Future Supply GmbH & Co. KG\"},\"image\":{\"@id\":\"https:\/\/future-supply.com\/#\/schema\/logo\/image\/\"}}]}<\/script>\n<!-- \/ Yoast SEO plugin. -->","yoast_head_json":{"title":"Imprint | Future Supply","description":"All information about the company at a glance. Contact us: \u2709\ufe0f hello@future-supply.com ? +49 152 249 38141","robots":{"index":"index","follow":"follow","max-snippet":"max-snippet:-1","max-image-preview":"max-image-preview:large","max-video-preview":"max-video-preview:-1"},"canonical":"https:\/\/future-supply.com\/en\/impressum\/","og_locale":"en_US","og_type":"article","og_title":"Impressum | Future Supply","og_description":"Alle Informationen zum Unternehmen auf einen Blick. Kontaktiert uns: \u2709\ufe0f hello@future-supply.com ? +49 152 249 38141","og_url":"https:\/\/future-supply.com\/en\/impressum\/","og_site_name":"Future Supply","article_modified_time":"2025-07-23T07:45:45+00:00","og_image":[{"width":2560,"height":1440,"url":"https:\/\/future-supply.com\/wp-content\/uploads\/2025\/07\/F_Instagram_Icon_001-scaled.jpg","type":"image\/jpeg"}],"twitter_card":"summary_large_image","twitter_misc":{"Est. reading time":"4 minutes"},"schema":{"@context":"https:\/\/schema.org","@graph":[{"@type":"WebPage","@id":"https:\/\/future-supply.com\/impressum\/","url":"https:\/\/future-supply.com\/impressum\/","name":"Imprint | Future Supply","isPartOf":{"@id":"https:\/\/future-supply.com\/#website"},"primaryImageOfPage":{"@id":"https:\/\/future-supply.com\/impressum\/#primaryimage"},"image":{"@id":"https:\/\/future-supply.com\/impressum\/#primaryimage"},"thumbnailUrl":"https:\/\/future-supply.com\/wp-content\/uploads\/2025\/07\/F_Instagram_Icon_001-scaled.jpg","datePublished":"2022-01-09T17:40:26+00:00","dateModified":"2025-07-23T07:45:45+00:00","description":"All information about the company at a glance. Contact us: \u2709\ufe0f hello@future-supply.com ? +49 152 249 38141","breadcrumb":{"@id":"https:\/\/future-supply.com\/impressum\/#breadcrumb"},"inLanguage":"en-US","potentialAction":[{"@type":"ReadAction","target":["https:\/\/future-supply.com\/impressum\/"]}]},{"@type":"ImageObject","inLanguage":"en-US","@id":"https:\/\/future-supply.com\/impressum\/#primaryimage","url":"https:\/\/future-supply.com\/wp-content\/uploads\/2025\/07\/F_Instagram_Icon_001-scaled.jpg","contentUrl":"https:\/\/future-supply.com\/wp-content\/uploads\/2025\/07\/F_Instagram_Icon_001-scaled.jpg","width":2560,"height":1440},{"@type":"BreadcrumbList","@id":"https:\/\/future-supply.com\/impressum\/#breadcrumb","itemListElement":[{"@type":"ListItem","position":1,"name":"Home","item":"https:\/\/future-supply.com\/"},{"@type":"ListItem","position":2,"name":"Impressum"}]},{"@type":"WebSite","@id":"https:\/\/future-supply.com\/#website","url":"https:\/\/future-supply.com\/","name":"Future Supply","description":"Retail. Exhibition. POS Displays. Projects.","publisher":{"@id":"https:\/\/future-supply.com\/#organization"},"potentialAction":[{"@type":"SearchAction","target":{"@type":"EntryPoint","urlTemplate":"https:\/\/future-supply.com\/?s={search_term_string}"},"query-input":{"@type":"PropertyValueSpecification","valueRequired":true,"valueName":"search_term_string"}}],"inLanguage":"en-US"},{"@type":"Organization","@id":"https:\/\/future-supply.com\/#organization","name":"Future Supply GmbH &amp; Co. KG","url":"https:\/\/future-supply.com\/","logo":{"@type":"ImageObject","inLanguage":"en-US","@id":"https:\/\/future-supply.com\/#\/schema\/logo\/image\/","url":"https:\/\/future-supply.com\/wp-content\/uploads\/2022\/01\/Future-Supply_Logo.png","contentUrl":"https:\/\/future-supply.com\/wp-content\/uploads\/2022\/01\/Future-Supply_Logo.png","width":1215,"height":1862,"caption":"Future Supply GmbH & Co. KG"},"image":{"@id":"https:\/\/future-supply.com\/#\/schema\/logo\/image\/"}}]}},"_links":{"self":[{"href":"https:\/\/future-supply.com\/en\/wp-json\/wp\/v2\/pages\/10","targetHints":{"allow":["GET"]}}],"collection":[{"href":"https:\/\/future-supply.com\/en\/wp-json\/wp\/v2\/pages"}],"about":[{"href":"https:\/\/future-supply.com\/en\/wp-json\/wp\/v2\/types\/page"}],"author":[{"embeddable":true,"href":"https:\/\/future-supply.com\/en\/wp-json\/wp\/v2\/users\/1"}],"replies":[{"embeddable":true,"href":"https:\/\/future-supply.com\/en\/wp-json\/wp\/v2\/comments?post=10"}],"version-history":[{"count":15,"href":"https:\/\/future-supply.com\/en\/wp-json\/wp\/v2\/pages\/10\/revisions"}],"predecessor-version":[{"id":4920,"href":"https:\/\/future-supply.com\/en\/wp-json\/wp\/v2\/pages\/10\/revisions\/4920"}],"wp:featuredmedia":[{"embeddable":true,"href":"https:\/\/future-supply.com\/en\/wp-json\/wp\/v2\/media\/11863"}],"wp:attachment":[{"href":"https:\/\/future-supply.com\/en\/wp-json\/wp\/v2\/media?parent=10"}],"curies":[{"name":"wp","href":"https:\/\/api.w.org\/{rel}","templated":true}]}}